{"id":78,"date":"2019-02-11T13:17:53","date_gmt":"2019-02-11T13:17:53","guid":{"rendered":"https:\/\/vibra.edge-themes.com\/?page_id=78"},"modified":"2025-08-27T02:24:15","modified_gmt":"2025-08-27T02:24:15","slug":"main-home","status":"publish","type":"page","link":"https:\/\/masha-test.kamilati.com\/","title":{"rendered":"Main Home"},"content":{"rendered":"<div class=\"wpb-content-wrapper\"><p>[vc_row simple_background_color=&#8221;#100f0f&#8221;][vc_column]\n\t\t\t\t<p class=\"rs-p-wp-fix\"><\/p>\n\t\t\t\t<sr7-module data-alias=\"main-home\" data-id=\"1\" id=\"SR7_1_1\" class=\"rs-ov-hidden\" data-version=\"6.7.29\">\n\t\t\t\t\t<sr7-adjuster><\/sr7-adjuster>\n\t\t\t\t\t<sr7-content>\n\t\t\t\t\t\t<sr7-slide id=\"SR7_1_1-1\" data-key=\"1\">\n\t\t\t\t\t\t\t<sr7-bg id=\"SR7_1_1-1-6\" class=\"sr7-layer\"><noscript><img decoding=\"async\" src=\"https:\/\/masha-test.kamilati.com\/wp-content\/uploads\/2019\/02\/Background-Slide-1.png\" alt=\"\" title=\"Background Slide 1\"><\/noscript><\/sr7-bg>\n\t\t\t\t\t\t\t<sr7-txt id=\"SR7_1_1-1-0\" class=\"sr7-layer\">PALAZZO<\/sr7-txt>\n\t\t\t\t\t\t\t<sr7-txt id=\"SR7_1_1-1-1\" class=\"sr7-layer\">\u00bfListo para Sentir?<\/sr7-txt>\n\t\t\t\t\t\t\t<sr7-txt id=\"SR7_1_1-1-2\" class=\"sr7-layer\">MASHA<\/sr7-txt>\n\t\t\t\t\t\t\t<sr7-txt id=\"SR7_1_1-1-4\" class=\"sr7-layer\">\u00a0Sum\u00e9rgete en una experiencia inmersiva donde la m\u00fasica se transforma en estilo de vida. Desde ritmos que inspiran hasta im\u00e1genes que marcan tendencia, esta es la casa digital de Masha Palazzo, donde cada clic vibra al ritmo de su arte.<\/sr7-txt>\n\t\t\t\t\t\t\t<sr7-txt id=\"SR7_1_1-1-5\" class=\"sr7-layer\" srscsrc>[edgtf_button text=\"Esc\u00fachala Ahora\" target=\"_self\" icon_pack=\"\" font_weight=\"\" text_transform=\"\" enable_prettyphoto=\"\" link=\"https:\/\/vibra.edge-themes.com\/about-the-band\/\" color=\"#8925ef\" background_color=\"#ffffff\" border_color=\"#ffffff\" hover_background_color=\"#8925ef\" hover_color=\"#fff\"]<\/sr7-txt>\n\t\t\t\t\t\t<\/sr7-slide>\n\t\t\t\t\t\t<sr7-slide id=\"SR7_1_1-17\" data-key=\"17\">\n\t\t\t\t\t\t<\/sr7-slide>\n\t\t\t\t\t<\/sr7-content>\n\t\t\t\t\t<image_lists style=\"display:none\">\n\t\t\t\t\t\t<img data-src=\"\/\/vibra.edge-themes.com\/wp-content\/uploads\/2019\/02\/h1-slider-1-background.jpg\" width=\"0\" height=\"0\" data-dbsrc=\"Ly92aWJyYS5lZGdlLXRoZW1lcy5jb20vd3AtY29udGVudC91cGxvYWRzLzIwMTkvMDIvaDEtc2xpZGVyLTEtYmFja2dyb3VuZC5qcGc=\"\/>\n\t\t\t\t\t\t<img data-src=\"\/\/masha-test.kamilati.com\/wp-content\/uploads\/2019\/02\/Background-Slide-1.png\" data-libid=\"3867\" data-lib=\"medialibrary\" title=\"Background Slide 1\" width=\"0\" height=\"0\" data-dbsrc=\"Ly9tYXNoYS10ZXN0LmthbWlsYXRpLmNvbS93cC1jb250ZW50L3VwbG9hZHMvMjAxOS8wMi9CYWNrZ3JvdW5kLVNsaWRlLTEucG5n\"\/>\n\t\t\t\t\t\t<img data-src=\"\/\/masha-test.kamilati.com\/wp-content\/uploads\/2019\/02\/h1-slider-2-background.jpg\" width=\"0\" height=\"0\" data-dbsrc=\"Ly9tYXNoYS10ZXN0LmthbWlsYXRpLmNvbS93cC1jb250ZW50L3VwbG9hZHMvMjAxOS8wMi9oMS1zbGlkZXItMi1iYWNrZ3JvdW5kLmpwZw==\"\/>\n\t\t\t\t\t\t<img data-src=\"\/\/masha-test.kamilati.com\/wp-content\/uploads\/2019\/02\/h1-slider-3-background.jpg\" width=\"0\" height=\"0\" data-dbsrc=\"Ly9tYXNoYS10ZXN0LmthbWlsYXRpLmNvbS93cC1jb250ZW50L3VwbG9hZHMvMjAxOS8wMi9oMS1zbGlkZXItMy1iYWNrZ3JvdW5kLmpwZw==\"\/>\n\t\t\t\t\t<\/image_lists>\n\t\t\t\t<\/sr7-module>\n\t\t\t\t<script>\n\t\t\t\t\tSR7.PMH ??={}; SR7.PMH[\"SR7_1_1\"] = {cn:100,state:false,fn: function() { if (_tpt!==undefined && _tpt.prepareModuleHeight !== undefined) {  _tpt.prepareModuleHeight({id:\"SR7_1_1\",el:[750,750,600,600,500],type:'standard',shdw:'0',gh:[750,750,600,600,500],gw:[1400,1400,1100,600,300],vpt:['1%&#039;,&#039;1%&#039;,&#039;1%&#039;,&#039;1%&#039;,&#039;1%'],size:{fullWidth:true, fullHeight:true},fho:'',mh:'0',onh:0,onw:0,bg:{color:'{\"orig\":\"transparent\",\"type\":\"solid\",\"string\":\"transparent\"}',image:{src:'https:\/\/vibra.edge-themes.com\/wp-content\/uploads\/2019\/02\/h1-slider-1-background.jpg',size:'',position:'center center',repeat:''}},plType:'-1',plColor:'#FFFFFF'});   SR7.PMH[\"SR7_1_1\"].state=true;} else if(SR7.PMH[\"SR7_1_1\"].cn-->0)\tsetTimeout( SR7.PMH[\"SR7_1_1\"].fn,19);}};SR7.PMH[\"SR7_1_1\" ].fn();\n\t\t\t\t<\/script>\n[\/vc_column][\/vc_row][vc_row row_content_width=&#8221;grid&#8221;][vc_column css=&#8221;.vc_custom_1549901675930{margin-top: -70px !important;}&#8221;][edgtf_album_player simple=&#8221;&#8221; album=&#8221;1944&#8243; full_width_bg=&#8221;yes&#8221; skin=&#8221;light&#8221;][\/vc_column][\/vc_row][vc_row row_content_width=&#8221;grid&#8221; el_class=&#8221;lanzamientos-populares&#8221;][vc_column][edgtf_section_title position=&#8221;center&#8221; disable_separator=&#8221;no&#8221; title_tag=&#8221;&#8221; disable_title_break_words=&#8221;no&#8221; subtitle_tag=&#8221;&#8221; disable_subtitle_break_words=&#8221;no&#8221; title=&#8221;Lanzamientos Populares&#8221; subtitle=&#8221;Explora Alguno de Mis&#8221;][\/vc_column][\/vc_row][vc_row row_content_width=&#8221;grid&#8221;][vc_column][edgtf_elements_holder holder_full_height=&#8221;no&#8221; holder_shadow=&#8221;no&#8221; number_of_columns=&#8221;one-column&#8221; switch_to_one_column=&#8221;&#8221; alignment_one_column=&#8221;&#8221;][edgtf_elements_holder_item item_padding=&#8221;0px 0px 173px&#8221; item_padding_769_1024=&#8221;0px 0px 113px&#8221; item_padding_681_768=&#8221;0px 0px 113px&#8221; item_padding_680=&#8221;0px 0px 103px&#8221;][edgtf_artists_list number_of_columns=&#8221;3&#8243; space_between_items=&#8221;large&#8221; order_by=&#8221;artist_order&#8221; order=&#8221;ASC&#8221; selected_artists=&#8221;33, 34, 35,31,32,41&#8243; enable_parallax_scroll=&#8221;yes&#8221;][\/edgtf_elements_holder_item][\/edgtf_elements_holder][\/vc_column][\/vc_row][vc_row el_class=&#8221;almas-tour&#8221;][vc_column][edgtf_elements_holder holder_full_height=&#8221;no&#8221; holder_shadow=&#8221;no&#8221; number_of_columns=&#8221;two-columns&#8221; switch_to_one_column=&#8221;1024&#8243; alignment_one_column=&#8221;&#8221; background_color=&#8221;#00000000&#8243;][edgtf_elements_holder_item item_padding=&#8221;2px 14% 14px 26.5%&#8221; item_padding_1367_1600=&#8221;2px 15% 14px 22.7%&#8221; item_padding_1025_1366=&#8221;2px 11% 14px 18.5%&#8221; item_padding_769_1024=&#8221;0px 35% 150px 128px&#8221; item_padding_681_768=&#8221;0px 16% 150px 84px&#8221; item_padding_680=&#8221;0px 30px 50px&#8221; background_color=&#8221;#FE4E50&#8243;][edgtf_section_title position=&#8221;left&#8221; disable_separator=&#8221;no&#8221; title_tag=&#8221;h1&#8243; disable_title_break_words=&#8221;no&#8221; subtitle_tag=&#8221;h1&#8243; disable_subtitle_break_words=&#8221;no&#8221; text_tag=&#8221;&#8221; text_font_weight=&#8221;700&#8243; title=&#8221;ALMAS TOUR&#8221; subtitle=&#8221;Gira 2025&#8243; text=&#8221;Masha emprende una gira \u00edntima y reveladora, donde cada canci\u00f3n se convierte en un di\u00e1logo entre su voz y el coraz\u00f3n del p\u00fablico. Almas es m\u00e1s que un tour: es un viaje de emociones puras, melod\u00edas que resuenan en la memoria y momentos que se graban en el alma.&#8221; title_break_words=&#8221;3&#8243; button_text=&#8221;Leer m\u00e1s&#8221; button_link=&#8221;https:\/\/vibra.edge-themes.com\/performer-showcase\/&#8221; text_margin=&#8221;7&#8243; title_color=&#8221;#FFFFFF&#8221; subtitle_color=&#8221;#FFFFFF&#8221; text_color=&#8221;#FFFFFF&#8221; button_color=&#8221;#DD3333&#8243; button_hover_color=&#8221;#FE4E50&#8243; text_font_size=&#8221;18&#8243; text_line_height=&#8221;28&#8243; custom_class=&#8221;almas-tour-left&#8221;][\/edgtf_elements_holder_item][edgtf_elements_holder_item item_padding_680=&#8221;250px 0px&#8221; background_image=&#8221;3889&#8243; item_padding=&#8221;410px 0px&#8221; item_padding_1367_1600=&#8221;300px 0px&#8221; item_padding_1025_1366=&#8221;300px 0px&#8221; item_padding_769_1024=&#8221;300px 0px&#8221; item_padding_681_768=&#8221;300px 0px&#8221;][\/edgtf_elements_holder_item][\/edgtf_elements_holder][\/vc_column][\/vc_row][vc_row row_content_width=&#8221;grid&#8221; el_class=&#8221;gira-latinoamerica&#8221;][vc_column][edgtf_elements_holder holder_full_height=&#8221;no&#8221; holder_shadow=&#8221;no&#8221; number_of_columns=&#8221;two-columns&#8221; switch_to_one_column=&#8221;1024&#8243; alignment_one_column=&#8221;&#8221;][edgtf_elements_holder_item vertical_alignment=&#8221;top&#8221; item_padding=&#8221;8px 38% 58px 0px&#8221; item_padding_1367_1600=&#8221;8px 22% 58px 0px&#8221; item_padding_1025_1366=&#8221;8px 22% 58px 0px&#8221; item_padding_681_768=&#8221;8px 24% 58px 0px&#8221; item_padding_680=&#8221;8px 0% 58px&#8221; background_image=&#8221;3935&#8243; custom_class=&#8221;gira-latinoamericana-img&#8221;][edgtf_section_title position=&#8221;left&#8221; disable_separator=&#8221;no&#8221; title_tag=&#8221;h2&#8243; disable_title_break_words=&#8221;no&#8221; text_tag=&#8221;&#8221; text_font_weight=&#8221;700&#8243; title=&#8221;GIRA LATINOAM\u00c9RICA + EUROPA&#8221; text=&#8221;Este tour lleva la m\u00fasica de Masha a los escenarios m\u00e1s emblem\u00e1ticos de Europa en una gira \u00edntima y poderosa.&#8221; title_break_words=&#8221;2&#8243; button_link=&#8221;https:\/\/vibra.edge-themes.com\/performer-showcase\/&#8221; text_margin=&#8221;7&#8243; title_color=&#8221;#FE4E50&#8243; text_color=&#8221;#000000&#8243; button_color=&#8221;#DD3333&#8243; button_hover_color=&#8221;#FE4E50&#8243;][\/edgtf_elements_holder_item][edgtf_elements_holder_item vertical_alignment=&#8221;top&#8221; item_padding=&#8221;0px 0px 40px&#8221; item_padding_769_1024=&#8221;0px 0px 38px&#8221; item_padding_681_768=&#8221;0px 0px 38px&#8221; item_padding_680=&#8221;0px 0px 38px&#8221;][edgtf_events_list number=&#8221;6&#8243; order_by=&#8221;start-date&#8221; order=&#8221;ASC&#8221;][\/edgtf_elements_holder_item][\/edgtf_elements_holder][\/vc_column][\/vc_row][vc_row content_placement=&#8221;middle&#8221; el_class=&#8221;album-list-songs&#8221;][vc_column css=&#8221;.vc_custom_1551185862945{margin-left: -20% !important;}&#8221; offset=&#8221;vc_col-lg-6 vc_col-md-12&#8243;][edgtf_album_disc enable_cd_case_shadow=&#8221;yes&#8221; link=&#8221;https:\/\/vibra.edge-themes.com\/album\/underlake\/&#8221; cd_case_image=&#8221;3913&#8243; cd_image=&#8221;3385&#8243;][vc_empty_space height=&#8221;13px&#8221;][\/vc_column][vc_column offset=&#8221;vc_col-lg-6 vc_col-md-12&#8243;][edgtf_elements_holder holder_full_height=&#8221;no&#8221; holder_shadow=&#8221;no&#8221; number_of_columns=&#8221;one-column&#8221; switch_to_one_column=&#8221;&#8221; alignment_one_column=&#8221;&#8221;][edgtf_elements_holder_item item_padding=&#8221;0px 30% 13px 7%&#8221; item_padding_1025_1366=&#8221;0px 8% 13px 2%&#8221; item_padding_1367_1600=&#8221;0px 14% 13px 4%&#8221; item_padding_769_1024=&#8221;43px 98px 0px&#8221; item_padding_681_768=&#8221;43px 84px 0px&#8221; item_padding_680=&#8221;43px 30px 0px&#8221;][edgtf_section_title position=&#8221;left&#8221; disable_separator=&#8221;no&#8221; title_tag=&#8221;h3&#8243; disable_title_break_words=&#8221;no&#8221; subtitle_tag=&#8221;&#8221; disable_subtitle_break_words=&#8221;no&#8221; text_tag=&#8221;&#8221; text_font_weight=&#8221;&#8221; title=&#8221;ALBUM NAME&#8221; subtitle=&#8221;\u00daltimo Album&#8221; text=&#8221;Juntos somos la llama de la vida&#8221; holder_padding=&#8221;30px&#8221; text_margin=&#8221;7&#8243;][vc_empty_space height=&#8221;23px&#8221;][edgtf_album album=&#8221;108&#8243; album_skin=&#8221;&#8221;][\/edgtf_elements_holder_item][\/edgtf_elements_holder][\/vc_column][\/vc_row][vc_row content_text_aligment=&#8221;center&#8221;][vc_column el_class=&#8221;music-providers-list&#8221;][vc_raw_html css=&#8221;&#8221;]JTNDZGl2JTIwY2xhc3MlM0QlMjJtdXNpYy1jb250YWluZXIlMjIlM0UlMEElMjAlMjAlM0NhJTIwaHJlZiUzRCUyMiUyMyUyMiUzRSUzQ2ltZyUyMHNyYyUzRCUyMmh0dHBzJTNBJTJGJTJGbWFzaGEtdGVzdC5rYW1pbGF0aS5jb20lMkZ3cC1jb250ZW50JTJGdXBsb2FkcyUyRjIwMjUlMkYwOCUyRnNwb3RpZnkucG5nJTIyJTIwYWx0JTNEJTIyU3BvdGlmeSUyMiUzRSUzQyUyRmElM0UlMEElMjAlMjAlM0NhJTIwaHJlZiUzRCUyMiUyMyUyMiUzRSUzQ2ltZyUyMHNyYyUzRCUyMmh0dHBzJTNBJTJGJTJGbWFzaGEtdGVzdC5rYW1pbGF0aS5jb20lMkZ3cC1jb250ZW50JTJGdXBsb2FkcyUyRjIwMjUlMkYwOCUyRmFwcGxlbXVzaWMucG5nJTIyJTIwYWx0JTNEJTIyQXBwbGUlMjBNdXNpYyUyMiUzRSUzQyUyRmElM0UlMEElMjAlMjAlM0NhJTIwaHJlZiUzRCUyMiUyMyUyMiUzRSUzQ2ltZyUyMHNyYyUzRCUyMmh0dHBzJTNBJTJGJTJGbWFzaGEtdGVzdC5rYW1pbGF0aS5jb20lMkZ3cC1jb250ZW50JTJGdXBsb2FkcyUyRjIwMjUlMkYwOCUyRmFtYXpvbm11c2ljLnBuZyUyMiUyMGFsdCUzRCUyMkFtYXpvbiUyME11c2ljJTIyJTNFJTNDJTJGYSUzRSUwQSUyMCUyMCUzQ2ElMjBocmVmJTNEJTIyJTIzJTIyJTNFJTNDaW1nJTIwc3JjJTNEJTIyaHR0cHMlM0ElMkYlMkZtYXNoYS10ZXN0LmthbWlsYXRpLmNvbSUyRndwLWNvbnRlbnQlMkZ1cGxvYWRzJTJGMjAyNSUyRjA4JTJGZGVlemVyLnBuZyUyMiUyMGFsdCUzRCUyMkRlZXplciUyMiUzRSUzQyUyRmElM0UlMEElMjAlMjAlM0NhJTIwaHJlZiUzRCUyMiUyMyUyMiUzRSUzQ2ltZyUyMHNyYyUzRCUyMmh0dHBzJTNBJTJGJTJGbWFzaGEtdGVzdC5rYW1pbGF0aS5jb20lMkZ3cC1jb250ZW50JTJGdXBsb2FkcyUyRjIwMjUlMkYwOCUyRnlvdXR1YmUucG5nJTIyJTIwYWx0JTNEJTIyWW91VHViZSUyMiUzRSUzQyUyRmElM0UlMEElM0MlMkZkaXYlM0UlMEE=[\/vc_raw_html][\/vc_column][\/vc_row][vc_row row_content_width=&#8221;grid&#8221; el_class=&#8221;coleccion-limitada&#8221;][vc_column offset=&#8221;vc_col-lg-offset-3 vc_col-lg-6&#8243;][edgtf_section_title position=&#8221;center&#8221; disable_separator=&#8221;no&#8221; title_tag=&#8221;h2&#8243; disable_title_break_words=&#8221;no&#8221; subtitle_tag=&#8221;&#8221; disable_subtitle_break_words=&#8221;no&#8221; text_tag=&#8221;&#8221; text_font_weight=&#8221;700&#8243; title=&#8221;colecci\u00f3n limitada&#8221; subtitle=&#8221;Echale un vistazo&#8221; text=&#8221;Piezas \u00fanicas inspiradas en mi m\u00fasica, mis pasiones y las historias que comparto con vosotros. Cada dise\u00f1o, cada detalle, est\u00e1 creado con el mismo amor y autenticidad que pongo en mis canciones.&#8221; text_font_size=&#8221;18&#8243; text_line_height=&#8221;28&#8243;][\/vc_column][\/vc_row][vc_row row_content_width=&#8221;grid&#8221;][vc_column][edgtf_product_list info_position=&#8221;info-below-image&#8221; number_of_columns=&#8221;three&#8221; space_between_items=&#8221;normal&#8221; orderby=&#8221;date&#8221; order=&#8221;DESC&#8221; taxonomy_to_display=&#8221;category&#8221; image_size=&#8221;&#8221; display_rating=&#8221;no&#8221; number_of_posts=&#8221;6&#8243; taxonomy_values=&#8221;lifestyle&#8221;][\/vc_column][\/vc_row][vc_row row_content_width=&#8221;grid&#8221; css=&#8221;.vc_custom_1756257470414{padding-top: 80px !important;padding-bottom: 66px !important;}&#8221;][vc_column offset=&#8221;vc_col-lg-offset-3 vc_col-lg-6&#8243;][edgtf_section_title position=&#8221;center&#8221; disable_separator=&#8221;no&#8221; title_tag=&#8221;&#8221; disable_title_break_words=&#8221;no&#8221; subtitle_tag=&#8221;&#8221; disable_subtitle_break_words=&#8221;no&#8221; title=&#8221;\u00daltimas noticias&#8221; subtitle=&#8221;Conoce Las&#8221; custom_class=&#8221;ultimas-noticias-title&#8221;][\/vc_column][\/vc_row][vc_row row_content_width=&#8221;grid&#8221; css=&#8221;.vc_custom_1756257536779{padding-bottom: 100px !important;}&#8221;][vc_column][edgtf_blog_list type=&#8221;minimal&#8221; orderby=&#8221;date&#8221; order=&#8221;ASC&#8221; number_of_posts=&#8221;6&#8243; category=&#8221;music&#8221; excerpt_length=&#8221;12&#8243;][\/vc_column][\/vc_row][vc_row row_content_width=&#8221;grid&#8221; css=&#8221;.vc_custom_1756257560534{padding-bottom: 36px !important;}&#8221;][vc_column offset=&#8221;vc_col-lg-offset-3 vc_col-lg-6&#8243;][edgtf_section_title position=&#8221;center&#8221; disable_separator=&#8221;no&#8221; title_tag=&#8221;h2&#8243; disable_title_break_words=&#8221;no&#8221; subtitle_tag=&#8221;&#8221; disable_subtitle_break_words=&#8221;no&#8221; title=&#8221;Noticias&#8221; subtitle=&#8221;Suscr\u00edbete a Mis&#8221;][\/vc_column][\/vc_row][vc_row row_content_width=&#8221;grid&#8221; css=&#8221;.vc_custom_1549980986867{padding-bottom: 125px !important;}&#8221;][vc_column offset=&#8221;vc_col-lg-offset-2 vc_col-lg-8&#8243;]\n<div class=\"wpcf7 no-js\" id=\"wpcf7-f3739-o1\" lang=\"en-US\" dir=\"ltr\" data-wpcf7-id=\"3739\">\n<div class=\"screen-reader-response\"><p role=\"status\" aria-live=\"polite\" aria-atomic=\"true\"><\/p> <ul><\/ul><\/div>\n<form action=\"\/index.php\/wp-json\/wp\/v2\/pages\/78#wpcf7-f3739-o1\" method=\"post\" class=\"wpcf7-form init\" aria-label=\"Contact form\" novalidate=\"novalidate\" data-status=\"init\">\n<fieldset class=\"hidden-fields-container\"><input type=\"hidden\" name=\"_wpcf7\" value=\"3739\" \/><input type=\"hidden\" name=\"_wpcf7_version\" value=\"6.1.1\" \/><input type=\"hidden\" name=\"_wpcf7_locale\" value=\"en_US\" \/><input type=\"hidden\" name=\"_wpcf7_unit_tag\" value=\"wpcf7-f3739-o1\" \/><input type=\"hidden\" name=\"_wpcf7_container_post\" value=\"0\" \/><input type=\"hidden\" name=\"_wpcf7_posted_data_hash\" value=\"\" \/>\n<\/fieldset>\n<div class='edgtf-cf-wrapper'>\n\t<div class='edgtf-two-columns-form-with-space'>\n\t\t<div class='edgtf-column-left'>\n\t\t\t<p><span class=\"wpcf7-form-control-wrap\" data-name=\"your-email\"><input size=\"40\" maxlength=\"400\" class=\"wpcf7-form-control wpcf7-email wpcf7-validates-as-required wpcf7-text wpcf7-validates-as-email\" aria-required=\"true\" aria-invalid=\"false\" placeholder=\"Correo electr\u00f3nico\" value=\"\" type=\"email\" name=\"your-email\" \/><\/span>\n\t\t\t<\/p>\n\t\t<\/div>\n\t\t<div class='edgtf-column-right'>\n\t\t\t<p><button class=\"wpcf7-form-control wpcf7-submit edgtf-btn edgtf-btn-medium edgtf-btn-outline\" type=\"submit\"><span class=\"edgtf-btn-text\">Suscr\u00edbete<\/span><\/button>\n\t\t\t<\/p>\n\t\t<\/div>\n\t<\/div>\n<\/div><div class=\"wpcf7-response-output\" aria-hidden=\"true\"><\/div>\n<\/form>\n<\/div>\n[\/vc_column][\/vc_row]<\/p>\n<\/div>","protected":false},"excerpt":{"rendered":"<p>[vc_row simple_background_color=&#8221;#100f0f&#8221;][vc_column][\/vc_column][\/vc_row][vc_row row_content_width=&#8221;grid&#8221;][vc_column css=&#8221;.vc_custom_1549901675930{margin-top: -70px !important;}&#8221;][edgtf_album_player simple=&#8221;&#8221; album=&#8221;1944&#8243; full_width_bg=&#8221;yes&#8221; skin=&#8221;light&#8221;][\/vc_column][\/vc_row][vc_row row_content_width=&#8221;grid&#8221; el_class=&#8221;lanzamientos-populares&#8221;][vc_column][edgtf_section_title position=&#8221;center&#8221; disable_separator=&#8221;no&#8221; title_tag=&#8221;&#8221; disable_title_break_words=&#8221;no&#8221; subtitle_tag=&#8221;&#8221; disable_subtitle_break_words=&#8221;no&#8221; title=&#8221;Lanzamientos Populares&#8221; subtitle=&#8221;Explora Alguno de Mis&#8221;][\/vc_column][\/vc_row][vc_row row_content_width=&#8221;grid&#8221;][vc_column][edgtf_elements_holder holder_full_height=&#8221;no&#8221; holder_shadow=&#8221;no&#8221; number_of_columns=&#8221;one-column&#8221; switch_to_one_column=&#8221;&#8221; alignment_one_column=&#8221;&#8221;][edgtf_elements_holder_item item_padding=&#8221;0px 0px 173px&#8221; item_padding_769_1024=&#8221;0px 0px 113px&#8221; item_padding_681_768=&#8221;0px 0px 113px&#8221; [&hellip;]<\/p>\n","protected":false},"author":1,"featured_media":0,"parent":0,"menu_order":0,"comment_status":"closed","ping_status":"closed","template":"full-width.php","meta":{"footnotes":""},"class_list":["post-78","page","type-page","status-publish","hentry"],"_links":{"self":[{"href":"https:\/\/masha-test.kamilati.com\/index.php\/wp-json\/wp\/v2\/pages\/78","targetHints":{"allow":["GET"]}}],"collection":[{"href":"https:\/\/masha-test.kamilati.com\/index.php\/wp-json\/wp\/v2\/pages"}],"about":[{"href":"https:\/\/masha-test.kamilati.com\/index.php\/wp-json\/wp\/v2\/types\/page"}],"author":[{"embeddable":true,"href":"https:\/\/masha-test.kamilati.com\/index.php\/wp-json\/wp\/v2\/users\/1"}],"replies":[{"embeddable":true,"href":"https:\/\/masha-test.kamilati.com\/index.php\/wp-json\/wp\/v2\/comments?post=78"}],"version-history":[{"count":66,"href":"https:\/\/masha-test.kamilati.com\/index.php\/wp-json\/wp\/v2\/pages\/78\/revisions"}],"predecessor-version":[{"id":4042,"href":"https:\/\/masha-test.kamilati.com\/index.php\/wp-json\/wp\/v2\/pages\/78\/revisions\/4042"}],"wp:attachment":[{"href":"https:\/\/masha-test.kamilati.com\/index.php\/wp-json\/wp\/v2\/media?parent=78"}],"curies":[{"name":"wp","href":"https:\/\/api.w.org\/{rel}","templated":true}]}}